{"id":7,"date":"2021-12-29T13:56:47","date_gmt":"2021-12-29T13:56:47","guid":{"rendered":"https:\/\/uztebesam.hr\/new\/?page_id=7"},"modified":"2022-01-10T16:46:51","modified_gmt":"2022-01-10T15:46:51","slug":"o-nama","status":"publish","type":"page","link":"https:\/\/www.uztebesam.hr\/index.php\/o-nama\/","title":{"rendered":"O nama"},"content":{"rendered":"\t\t<div data-elementor-type=\"wp-page\" data-elementor-id=\"7\" class=\"elementor elementor-7\">\n\t\t\t\t\t\t<section class=\"elementor-section elementor-top-section elementor-element elementor-element-1c27d681 elementor-section-boxed elementor-section-height-default elementor-section-height-default\" data-id=\"1c27d681\" data-element_type=\"section\" data-e-type=\"section\">\n\t\t\t\t\t\t<div class=\"elementor-container elementor-column-gap-default\">\n\t\t\t\t\t<div class=\"elementor-column elementor-col-100 elementor-top-column elementor-element elementor-element-775909bd\" data-id=\"775909bd\" data-element_type=\"column\" data-e-type=\"column\">\n\t\t\t<div class=\"elementor-widget-wrap elementor-element-populated\">\n\t\t\t\t\t\t<div class=\"elementor-element elementor-element-56c5f898 elementor-widget elementor-widget-text-editor\" data-id=\"56c5f898\" data-element_type=\"widget\" data-e-type=\"widget\" data-widget_type=\"text-editor.default\">\n\t\t\t\t\t\t\t\t\t\n<p>Udruga je osnovana 2007. godine u cilju savjetovanja, edukacije, promicanja, razvitka i unapre\u0111enja psihofizickih sposobnosti djece, mladih, roditelja i drugih odraslih osoba, osoba sa o\u0161te\u0107enjima CNS-a, osoba sa neuromotornim poreme\u0107ajima, osoba sa imunosistemskim bolestima i dr.<\/p>\n\n\n\n<figure class=\"wp-block-embed is-type-rich is-provider-upravljacki-sklop-ugradbenog-koda wp-block-embed-upravljacki-sklop-ugradbenog-koda wp-embed-aspect-16-9 wp-has-aspect-ratio\"><div class=\"wp-block-embed__wrapper\">\n<iframe title=\"Spot udruge &quot;Uz tebe sam&quot;\" width=\"1170\" height=\"658\" src=\"https:\/\/www.youtube.com\/embed\/MVpFPp2sLko?feature=oembed\" frameborder=\"0\" allow=\"accelerometer; autoplay; clipboard-write; encrypted-media; gyroscope; picture-in-picture\" allowfullscreen><\/iframe>\n<\/div><\/figure>\n\n\n\n<h2 class=\"wp-block-heading\">Postanite \u010dlan<\/h2>\n\n\n\n<p>\u010clanom Udruge mo\u017ee postati svaka punoljetna, poslovno sposobna osoba, dr\u017eavljanin Republike Hrvatske, koja je zainteresirana za rad u udruzi i koja prihva\u0107a odredbe Statuta.<\/p>\n\n\n\n<h2 class=\"wp-block-heading\">Postanite volonter<\/h2>\n\n\n\n<p>Nije bitno jeste li jo\u0161 u \u0161kolskim klupama ili u njima sjede va\u0161i unuci, \u017eelite pomo\u0107i ili se osje\u0107ate voljno, ali pomalo zbunjeno\u2013 svatko mo\u017ee volontirati!<\/p>\n\t\t\t\t\t\t\t\t<\/div>\n\t\t\t\t\t<\/div>\n\t\t<\/div>\n\t\t\t\t\t<\/div>\n\t\t<\/section>\n\t\t\t\t<section class=\"elementor-section elementor-top-section elementor-element elementor-element-2502303 elementor-section-boxed elementor-section-height-default elementor-section-height-default\" data-id=\"2502303\" data-element_type=\"section\" data-e-type=\"section\">\n\t\t\t\t\t\t<div class=\"elementor-container elementor-column-gap-default\">\n\t\t\t\t\t<div class=\"elementor-column elementor-col-25 elementor-top-column elementor-element elementor-element-687db33\" data-id=\"687db33\" data-element_type=\"column\" data-e-type=\"column\">\n\t\t\t<div class=\"elementor-widget-wrap elementor-element-populated\">\n\t\t\t\t\t\t<div class=\"elementor-element elementor-element-c16dbda elementor-widget elementor-widget-image\" data-id=\"c16dbda\" data-element_type=\"widget\" data-e-type=\"widget\" data-widget_type=\"image.default\">\n\t\t\t\t\t\t\t\t\t\t\t\t\t\t\t<img fetchpriority=\"high\" decoding=\"async\" width=\"550\" height=\"400\" src=\"https:\/\/www.uztebesam.hr\/wp-content\/uploads\/2022\/01\/slika1-550x400.jpeg\" class=\"attachment-sydney-medium-thumb size-sydney-medium-thumb wp-image-2874\" alt=\"\" \/>\t\t\t\t\t\t\t\t\t\t\t\t\t\t\t<\/div>\n\t\t\t\t\t<\/div>\n\t\t<\/div>\n\t\t\t\t<div class=\"elementor-column elementor-col-25 elementor-top-column elementor-element elementor-element-d0324d3\" data-id=\"d0324d3\" data-element_type=\"column\" data-e-type=\"column\">\n\t\t\t<div class=\"elementor-widget-wrap elementor-element-populated\">\n\t\t\t\t\t\t<div class=\"elementor-element elementor-element-d89b435 elementor-widget elementor-widget-image\" data-id=\"d89b435\" data-element_type=\"widget\" data-e-type=\"widget\" data-widget_type=\"image.default\">\n\t\t\t\t\t\t\t\t\t\t\t\t\t\t\t<img decoding=\"async\" width=\"550\" height=\"400\" src=\"https:\/\/www.uztebesam.hr\/wp-content\/uploads\/2022\/01\/slika4-550x400.jpeg\" class=\"attachment-sydney-medium-thumb size-sydney-medium-thumb wp-image-2875\" alt=\"\" \/>\t\t\t\t\t\t\t\t\t\t\t\t\t\t\t<\/div>\n\t\t\t\t\t<\/div>\n\t\t<\/div>\n\t\t\t\t<div class=\"elementor-column elementor-col-25 elementor-top-column elementor-element elementor-element-3820a90\" data-id=\"3820a90\" data-element_type=\"column\" data-e-type=\"column\">\n\t\t\t<div class=\"elementor-widget-wrap elementor-element-populated\">\n\t\t\t\t\t\t<div class=\"elementor-element elementor-element-3c4122c elementor-widget elementor-widget-image\" data-id=\"3c4122c\" data-element_type=\"widget\" data-e-type=\"widget\" data-widget_type=\"image.default\">\n\t\t\t\t\t\t\t\t\t\t\t\t\t\t\t<img decoding=\"async\" width=\"550\" height=\"400\" src=\"https:\/\/www.uztebesam.hr\/wp-content\/uploads\/2022\/01\/slike3-550x400.jpeg\" class=\"attachment-sydney-medium-thumb size-sydney-medium-thumb wp-image-2877\" alt=\"\" \/>\t\t\t\t\t\t\t\t\t\t\t\t\t\t\t<\/div>\n\t\t\t\t\t<\/div>\n\t\t<\/div>\n\t\t\t\t<div class=\"elementor-column elementor-col-25 elementor-top-column elementor-element elementor-element-006a29d\" data-id=\"006a29d\" data-element_type=\"column\" data-e-type=\"column\">\n\t\t\t<div class=\"elementor-widget-wrap elementor-element-populated\">\n\t\t\t\t\t\t<div class=\"elementor-element elementor-element-efd9f36 elementor-widget elementor-widget-image\" data-id=\"efd9f36\" data-element_type=\"widget\" data-e-type=\"widget\" data-widget_type=\"image.default\">\n\t\t\t\t\t\t\t\t\t\t\t\t\t\t\t<img loading=\"lazy\" decoding=\"async\" width=\"550\" height=\"400\" src=\"https:\/\/www.uztebesam.hr\/wp-content\/uploads\/2022\/01\/slike2-550x400.jpeg\" class=\"attachment-sydney-medium-thumb size-sydney-medium-thumb wp-image-2876\" alt=\"\" \/>\t\t\t\t\t\t\t\t\t\t\t\t\t\t\t<\/div>\n\t\t\t\t\t<\/div>\n\t\t<\/div>\n\t\t\t\t\t<\/div>\n\t\t<\/section>\n\t\t\t\t<\/div>\n\t\t","protected":false},"excerpt":{"rendered":"<p>Udruga je osnovana 2007. godine u cilju savjetovanja, edukacije, promicanja, razvitka i unapre\u0111enja psihofizickih sposobnosti djece, mladih, roditelja i drugih odraslih osoba, osoba sa o\u0161te\u0107enjima CNS-a, osoba sa neuromotornim poreme\u0107ajima, [&hellip;]<\/p>\n","protected":false},"author":1,"featured_media":0,"parent":0,"menu_order":0,"comment_status":"closed","ping_status":"closed","template":"","meta":{"footnotes":""},"class_list":["post-7","page","type-page","status-publish","hentry"],"_links":{"self":[{"href":"https:\/\/www.uztebesam.hr\/index.php\/wp-json\/wp\/v2\/pages\/7","targetHints":{"allow":["GET"]}}],"collection":[{"href":"https:\/\/www.uztebesam.hr\/index.php\/wp-json\/wp\/v2\/pages"}],"about":[{"href":"https:\/\/www.uztebesam.hr\/index.php\/wp-json\/wp\/v2\/types\/page"}],"author":[{"embeddable":true,"href":"https:\/\/www.uztebesam.hr\/index.php\/wp-json\/wp\/v2\/users\/1"}],"replies":[{"embeddable":true,"href":"https:\/\/www.uztebesam.hr\/index.php\/wp-json\/wp\/v2\/comments?post=7"}],"version-history":[{"count":14,"href":"https:\/\/www.uztebesam.hr\/index.php\/wp-json\/wp\/v2\/pages\/7\/revisions"}],"predecessor-version":[{"id":2905,"href":"https:\/\/www.uztebesam.hr\/index.php\/wp-json\/wp\/v2\/pages\/7\/revisions\/2905"}],"wp:attachment":[{"href":"https:\/\/www.uztebesam.hr\/index.php\/wp-json\/wp\/v2\/media?parent=7"}],"curies":[{"name":"wp","href":"https:\/\/api.w.org\/{rel}","templated":true}]}}