{"id":3139,"date":"2022-06-29T12:59:20","date_gmt":"2022-06-29T10:59:20","guid":{"rendered":"https:\/\/www.uztebesam.hr\/?page_id=3139"},"modified":"2022-09-14T09:41:57","modified_gmt":"2022-09-14T07:41:57","slug":"dan-za-nas","status":"publish","type":"page","link":"https:\/\/www.uztebesam.hr\/index.php\/dan-za-nas\/","title":{"rendered":"Dan za nas!"},"content":{"rendered":"\n<p>Projekt \u201eDan za nas!\u201c namijenjen je djeci s te\u0161ko\u0107ama u razvoju od 0 do 7 godina, a<br>traje od srpnja do prosinca 2022. godine.<br>Svrha radionica je omogu\u0107iti pristup djeci s te\u0161ko\u0107ama rane i pred\u0161kolske dobi (0-7<br>godina) uslugama edukacijskog rehabilitatora, kako bi se radilo na poticanju njihovog<br>razvoja u ovom za njih krucijalnom razdoblju. Tako\u0111er, roditelje \u0107e se savjetovati o<br>mogu\u0107nostima poticanja razvoja kod ku\u0107e, tijekom svakodnevnih aktivnosti, kao i o<br>prilagodbi i ure\u0111enju okoline djeteta kako bi se osigurali uvjeti za optimalan razvoj.<br>Radionice \u0107e se odr\u017eavati grupno. U svakoj grupi bit \u0107e najvi\u0161e do petero djece kako<br>bi se osigurao individualan pristup svakom djetetu.<br>Tijekom razvoja o\u010dekuje se da \u0107e djeca razviti odre\u0111ene vje\u0161tine u odre\u0111enom<br>vremenskom razdoblju. No, djeca s te\u0161ko\u0107ama zaostaju za svojim vr\u0161njacima u<br>razvoju odre\u0111enih vje\u0161tina (jezi\u010dno-govorni razvoj, razvoj fine i grube motorike, socio-<br>emocionalni razvoj\u2026). Izuzetno je va\u017eno \u0161to ranije, jo\u0161 u pred\u0161kolskoj dobi, zapo\u010deti<br>s primjerenim tretmanima i habilitacijom (poticanjem razvoja), jer je upravo u toj ranoj<br>dobi djetetov mozak ima najvi\u0161e kapaciteta za u\u010denje zbog plasti\u010dnosti \u017eiv\u010danog<br>sustava. Plasticitet \u017eiv\u010danog sustava mo\u017ee se definirati kao proces izgradnje i<br>pregradnje veza izme\u0111u \u017eiv\u010danih stanica koji se naju\u010dinkovitije i najbr\u017ee odvija<br>upravo spomenutoj ranoj dobi.<br>Izvoditeljica projekta: Valentina Nedeljko, magistra edukacijske rehabilitacije<\/p>\n\n\n\n<p>Projekt financira Colas d.d.<br>Trajanje jedne radionice: 60 minuta<br>Prijave za radionice su obvezne na e-mail: info@uztebesam.hr<\/p>\n\n\n\n<figure class=\"wp-block-gallery has-nested-images columns-default is-cropped wp-block-gallery-1 is-layout-flex wp-block-gallery-is-layout-flex\">\n<figure class=\"wp-block-image size-large\"><img fetchpriority=\"high\" decoding=\"async\" width=\"1024\" height=\"768\" data-id=\"3187\" src=\"https:\/\/www.uztebesam.hr\/wp-content\/uploads\/2022\/09\/viber_image_2022-09-14_09-09-54-237-1024x768.jpg\" alt=\"\" class=\"wp-image-3187\" srcset=\"https:\/\/www.uztebesam.hr\/wp-content\/uploads\/2022\/09\/viber_image_2022-09-14_09-09-54-237-1024x768.jpg 1024w, https:\/\/www.uztebesam.hr\/wp-content\/uploads\/2022\/09\/viber_image_2022-09-14_09-09-54-237-300x225.jpg 300w, https:\/\/www.uztebesam.hr\/wp-content\/uploads\/2022\/09\/viber_image_2022-09-14_09-09-54-237-768x576.jpg 768w, https:\/\/www.uztebesam.hr\/wp-content\/uploads\/2022\/09\/viber_image_2022-09-14_09-09-54-237-1536x1152.jpg 1536w, https:\/\/www.uztebesam.hr\/wp-content\/uploads\/2022\/09\/viber_image_2022-09-14_09-09-54-237-1000x750.jpg 1000w, https:\/\/www.uztebesam.hr\/wp-content\/uploads\/2022\/09\/viber_image_2022-09-14_09-09-54-237-230x173.jpg 230w, https:\/\/www.uztebesam.hr\/wp-content\/uploads\/2022\/09\/viber_image_2022-09-14_09-09-54-237-350x263.jpg 350w, https:\/\/www.uztebesam.hr\/wp-content\/uploads\/2022\/09\/viber_image_2022-09-14_09-09-54-237-480x360.jpg 480w, https:\/\/www.uztebesam.hr\/wp-content\/uploads\/2022\/09\/viber_image_2022-09-14_09-09-54-237.jpg 1600w\" sizes=\"(max-width: 1024px) 100vw, 1024px\" \/><\/figure>\n\n\n\n<figure class=\"wp-block-image size-large\"><img decoding=\"async\" width=\"1024\" height=\"767\" data-id=\"3189\" src=\"https:\/\/www.uztebesam.hr\/wp-content\/uploads\/2022\/09\/viber_image_2022-09-14_08-40-16-996-1024x767.jpg\" alt=\"\" class=\"wp-image-3189\" srcset=\"https:\/\/www.uztebesam.hr\/wp-content\/uploads\/2022\/09\/viber_image_2022-09-14_08-40-16-996-1024x767.jpg 1024w, https:\/\/www.uztebesam.hr\/wp-content\/uploads\/2022\/09\/viber_image_2022-09-14_08-40-16-996-300x225.jpg 300w, https:\/\/www.uztebesam.hr\/wp-content\/uploads\/2022\/09\/viber_image_2022-09-14_08-40-16-996-768x575.jpg 768w, https:\/\/www.uztebesam.hr\/wp-content\/uploads\/2022\/09\/viber_image_2022-09-14_08-40-16-996-1536x1150.jpg 1536w, https:\/\/www.uztebesam.hr\/wp-content\/uploads\/2022\/09\/viber_image_2022-09-14_08-40-16-996-1000x749.jpg 1000w, https:\/\/www.uztebesam.hr\/wp-content\/uploads\/2022\/09\/viber_image_2022-09-14_08-40-16-996-230x172.jpg 230w, https:\/\/www.uztebesam.hr\/wp-content\/uploads\/2022\/09\/viber_image_2022-09-14_08-40-16-996-350x262.jpg 350w, https:\/\/www.uztebesam.hr\/wp-content\/uploads\/2022\/09\/viber_image_2022-09-14_08-40-16-996-480x359.jpg 480w, https:\/\/www.uztebesam.hr\/wp-content\/uploads\/2022\/09\/viber_image_2022-09-14_08-40-16-996.jpg 1600w\" sizes=\"(max-width: 1024px) 100vw, 1024px\" \/><\/figure>\n\n\n\n<figure class=\"wp-block-image size-large\"><img decoding=\"async\" width=\"1024\" height=\"767\" data-id=\"3190\" src=\"https:\/\/www.uztebesam.hr\/wp-content\/uploads\/2022\/09\/viber_image_2022-09-14_08-40-18-144-1024x767.jpg\" alt=\"\" class=\"wp-image-3190\" srcset=\"https:\/\/www.uztebesam.hr\/wp-content\/uploads\/2022\/09\/viber_image_2022-09-14_08-40-18-144-1024x767.jpg 1024w, https:\/\/www.uztebesam.hr\/wp-content\/uploads\/2022\/09\/viber_image_2022-09-14_08-40-18-144-300x225.jpg 300w, https:\/\/www.uztebesam.hr\/wp-content\/uploads\/2022\/09\/viber_image_2022-09-14_08-40-18-144-768x575.jpg 768w, https:\/\/www.uztebesam.hr\/wp-content\/uploads\/2022\/09\/viber_image_2022-09-14_08-40-18-144-1536x1150.jpg 1536w, https:\/\/www.uztebesam.hr\/wp-content\/uploads\/2022\/09\/viber_image_2022-09-14_08-40-18-144-1000x749.jpg 1000w, https:\/\/www.uztebesam.hr\/wp-content\/uploads\/2022\/09\/viber_image_2022-09-14_08-40-18-144-230x172.jpg 230w, https:\/\/www.uztebesam.hr\/wp-content\/uploads\/2022\/09\/viber_image_2022-09-14_08-40-18-144-350x262.jpg 350w, https:\/\/www.uztebesam.hr\/wp-content\/uploads\/2022\/09\/viber_image_2022-09-14_08-40-18-144-480x359.jpg 480w, https:\/\/www.uztebesam.hr\/wp-content\/uploads\/2022\/09\/viber_image_2022-09-14_08-40-18-144.jpg 1600w\" sizes=\"(max-width: 1024px) 100vw, 1024px\" \/><\/figure>\n\n\n\n<figure class=\"wp-block-image size-large\"><img loading=\"lazy\" decoding=\"async\" width=\"1024\" height=\"767\" data-id=\"3191\" src=\"https:\/\/www.uztebesam.hr\/wp-content\/uploads\/2022\/09\/viber_image_2022-09-14_08-40-19-395-1024x767.jpg\" alt=\"\" class=\"wp-image-3191\" srcset=\"https:\/\/www.uztebesam.hr\/wp-content\/uploads\/2022\/09\/viber_image_2022-09-14_08-40-19-395-1024x767.jpg 1024w, https:\/\/www.uztebesam.hr\/wp-content\/uploads\/2022\/09\/viber_image_2022-09-14_08-40-19-395-300x225.jpg 300w, https:\/\/www.uztebesam.hr\/wp-content\/uploads\/2022\/09\/viber_image_2022-09-14_08-40-19-395-768x575.jpg 768w, https:\/\/www.uztebesam.hr\/wp-content\/uploads\/2022\/09\/viber_image_2022-09-14_08-40-19-395-1536x1150.jpg 1536w, https:\/\/www.uztebesam.hr\/wp-content\/uploads\/2022\/09\/viber_image_2022-09-14_08-40-19-395-1000x749.jpg 1000w, https:\/\/www.uztebesam.hr\/wp-content\/uploads\/2022\/09\/viber_image_2022-09-14_08-40-19-395-230x172.jpg 230w, https:\/\/www.uztebesam.hr\/wp-content\/uploads\/2022\/09\/viber_image_2022-09-14_08-40-19-395-350x262.jpg 350w, https:\/\/www.uztebesam.hr\/wp-content\/uploads\/2022\/09\/viber_image_2022-09-14_08-40-19-395-480x359.jpg 480w, https:\/\/www.uztebesam.hr\/wp-content\/uploads\/2022\/09\/viber_image_2022-09-14_08-40-19-395.jpg 1600w\" sizes=\"(max-width: 1024px) 100vw, 1024px\" \/><\/figure>\n\n\n\n<figure class=\"wp-block-image size-large\"><img loading=\"lazy\" decoding=\"async\" width=\"1024\" height=\"768\" data-id=\"3193\" src=\"https:\/\/www.uztebesam.hr\/wp-content\/uploads\/2022\/09\/viber_image_2022-09-14_08-40-20-638-1024x768.jpg\" alt=\"\" class=\"wp-image-3193\" srcset=\"https:\/\/www.uztebesam.hr\/wp-content\/uploads\/2022\/09\/viber_image_2022-09-14_08-40-20-638-1024x768.jpg 1024w, https:\/\/www.uztebesam.hr\/wp-content\/uploads\/2022\/09\/viber_image_2022-09-14_08-40-20-638-300x225.jpg 300w, https:\/\/www.uztebesam.hr\/wp-content\/uploads\/2022\/09\/viber_image_2022-09-14_08-40-20-638-768x576.jpg 768w, https:\/\/www.uztebesam.hr\/wp-content\/uploads\/2022\/09\/viber_image_2022-09-14_08-40-20-638-1536x1152.jpg 1536w, https:\/\/www.uztebesam.hr\/wp-content\/uploads\/2022\/09\/viber_image_2022-09-14_08-40-20-638-1000x750.jpg 1000w, https:\/\/www.uztebesam.hr\/wp-content\/uploads\/2022\/09\/viber_image_2022-09-14_08-40-20-638-230x173.jpg 230w, https:\/\/www.uztebesam.hr\/wp-content\/uploads\/2022\/09\/viber_image_2022-09-14_08-40-20-638-350x263.jpg 350w, https:\/\/www.uztebesam.hr\/wp-content\/uploads\/2022\/09\/viber_image_2022-09-14_08-40-20-638-480x360.jpg 480w, https:\/\/www.uztebesam.hr\/wp-content\/uploads\/2022\/09\/viber_image_2022-09-14_08-40-20-638.jpg 1600w\" sizes=\"(max-width: 1024px) 100vw, 1024px\" \/><\/figure>\n\n\n\n<figure class=\"wp-block-image size-large\"><img loading=\"lazy\" decoding=\"async\" width=\"1024\" height=\"768\" data-id=\"3192\" src=\"https:\/\/www.uztebesam.hr\/wp-content\/uploads\/2022\/09\/viber_image_2022-09-14_08-40-21-760-1024x768.jpg\" alt=\"\" class=\"wp-image-3192\" srcset=\"https:\/\/www.uztebesam.hr\/wp-content\/uploads\/2022\/09\/viber_image_2022-09-14_08-40-21-760-1024x768.jpg 1024w, https:\/\/www.uztebesam.hr\/wp-content\/uploads\/2022\/09\/viber_image_2022-09-14_08-40-21-760-300x225.jpg 300w, https:\/\/www.uztebesam.hr\/wp-content\/uploads\/2022\/09\/viber_image_2022-09-14_08-40-21-760-768x576.jpg 768w, https:\/\/www.uztebesam.hr\/wp-content\/uploads\/2022\/09\/viber_image_2022-09-14_08-40-21-760-1536x1152.jpg 1536w, https:\/\/www.uztebesam.hr\/wp-content\/uploads\/2022\/09\/viber_image_2022-09-14_08-40-21-760-1000x750.jpg 1000w, https:\/\/www.uztebesam.hr\/wp-content\/uploads\/2022\/09\/viber_image_2022-09-14_08-40-21-760-230x173.jpg 230w, https:\/\/www.uztebesam.hr\/wp-content\/uploads\/2022\/09\/viber_image_2022-09-14_08-40-21-760-350x263.jpg 350w, https:\/\/www.uztebesam.hr\/wp-content\/uploads\/2022\/09\/viber_image_2022-09-14_08-40-21-760-480x360.jpg 480w, https:\/\/www.uztebesam.hr\/wp-content\/uploads\/2022\/09\/viber_image_2022-09-14_08-40-21-760.jpg 1600w\" sizes=\"(max-width: 1024px) 100vw, 1024px\" \/><\/figure>\n<\/figure>\n","protected":false},"excerpt":{"rendered":"<p>Projekt \u201eDan za nas!\u201c namijenjen je djeci s te\u0161ko\u0107ama u razvoju od 0 do 7 godina, atraje od srpnja do prosinca 2022. godine.Svrha radionica je omogu\u0107iti pristup djeci s te\u0161ko\u0107ama [&hellip;]<\/p>\n","protected":false},"author":1,"featured_media":0,"parent":0,"menu_order":0,"comment_status":"closed","ping_status":"closed","template":"","meta":{"footnotes":""},"class_list":["post-3139","page","type-page","status-publish","hentry"],"_links":{"self":[{"href":"https:\/\/www.uztebesam.hr\/index.php\/wp-json\/wp\/v2\/pages\/3139","targetHints":{"allow":["GET"]}}],"collection":[{"href":"https:\/\/www.uztebesam.hr\/index.php\/wp-json\/wp\/v2\/pages"}],"about":[{"href":"https:\/\/www.uztebesam.hr\/index.php\/wp-json\/wp\/v2\/types\/page"}],"author":[{"embeddable":true,"href":"https:\/\/www.uztebesam.hr\/index.php\/wp-json\/wp\/v2\/users\/1"}],"replies":[{"embeddable":true,"href":"https:\/\/www.uztebesam.hr\/index.php\/wp-json\/wp\/v2\/comments?post=3139"}],"version-history":[{"count":3,"href":"https:\/\/www.uztebesam.hr\/index.php\/wp-json\/wp\/v2\/pages\/3139\/revisions"}],"predecessor-version":[{"id":3194,"href":"https:\/\/www.uztebesam.hr\/index.php\/wp-json\/wp\/v2\/pages\/3139\/revisions\/3194"}],"wp:attachment":[{"href":"https:\/\/www.uztebesam.hr\/index.php\/wp-json\/wp\/v2\/media?parent=3139"}],"curies":[{"name":"wp","href":"https:\/\/api.w.org\/{rel}","templated":true}]}}