{"id":3080,"date":"2022-03-30T08:36:37","date_gmt":"2022-03-30T06:36:37","guid":{"rendered":"https:\/\/www.uztebesam.hr\/?page_id=3080"},"modified":"2022-04-06T10:19:00","modified_gmt":"2022-04-06T08:19:00","slug":"u-tudim-cipelicama","status":"publish","type":"page","link":"https:\/\/www.uztebesam.hr\/index.php\/u-tudim-cipelicama\/","title":{"rendered":"U tu\u0111im cipelicama"},"content":{"rendered":"\n<p>Djeca s te\u0161ko\u0107ama u razvoju (djeca s TUR) jedna su od marginaliziranih skupina dru\u0161tva. Zbog svojih te\u0161ko\u0107a nerijetko se susre\u0107u sa vr\u0161nja\u010dkim nasiljem, izrugivanjem, izolacijom iz dru\u0161tva \u0161to emocionalno na njima ostavlja dubok trag. Jedan od na\u010dina, kako za\u0161titi djecu s TUR jest osvijestiti i educirati op\u0107u populaciju djece o potrebama, pravima djece s te\u0161ko\u0107ama u razvoju te na\u010dinu kako se prema njima odnositi. Na taj \u0107e na\u010din djeca izrasti u pojedince koji \u0107e biti svjesni svojih, ali i tu\u0111ih vrijednosti. Vrlo je va\u017eno razvijati toleranciju razli\u010ditosti kod djece od ni\u017eih uzrasta, kako bi dobili temeljna znanja i suzbili predrasude te na taj na\u010din prevenirati vr\u0161nja\u010dko nasilje. Potaknuti tom problematikom, od mjeseca travnja 2022. do mjeseca prosinca 2022.&nbsp; provodit \u0107e se&nbsp; projekt pod nazivom \u201eU tu\u0111im cipelicama\u201c financiranim od strane Zaklade za prevenciju kriminaliteta Sveti Mihael.<\/p>\n\n\n\n<p>Projekt je namijenjen u\u010denicima tre\u0107ih i \u010detvrtih razreda osnovnih \u0161kola s podru\u010dja grada Vara\u017edina i Vara\u017edinske \u017eupanije kojem je cilj prevencija vr\u0161nja\u010dkog nasilja s posebnim naglaskom na prevenciju nasilja naspram jednoj od najranjivijih skupina dru\u0161tva \u2013 djeci s te\u0161ko\u0107ama u razvoju. Kroz&nbsp; predavanja i iskustvene radionice (vo\u0111ena grupna rasprava, igranje uloga, igra) u\u010denici \u0107e \u201eulaze\u0107i u tu\u0111e cipelice\u201c&nbsp; osvje\u0161tavati toleranciju razli\u010ditosti,&nbsp; vlastite i tu\u0111e vrijednosti, pove\u0107ati razinu osvje\u0161tenosti o utjecajima nasilja, u\u010diti o na\u010dinu opho\u0111enja prema drugima, u\u010diti kako se oduprijeti vr\u0161nja\u010dkom pritisku koji poti\u010de na omalova\u017eavanje drugih te kako za\u0161titi slabijeg od sebe.<\/p>\n\n\n\n<p>Izvoditeljica radionica je magistra edukacijske rehabilitacije s vi\u0161egodi\u0161njim iskustvom u radu s djecom i djecom s te\u0161ko\u0107ama u razvoju koja \u0107e svaki mjesec odr\u017eavati predavanja na pojedinoj osnovnoj \u0161koli koja je uklju\u010dena u projekt.<\/p>\n\n\n\n<p>U projekt su uklju\u010dene Osnovna \u0161kola \u0160emovec (travanj 2022.), Osnovna \u0161kola Vinica (svibanj 2022.), IV. osnovna \u0161kola Vara\u017edin (lipanj 2022.), Osnovna \u0161kola \u201eVladimir Nazor\u201c Sveti Ilija (rujan 2022.), Katoli\u010dka osnovna \u0161kola Svete Ur\u0161ule (listopad 2022.) te Osnovna \u0161kola Beletinec (studeni 2022.).<\/p>\n\n\n\n<p>Voditeljica projekta &#8220;U tu\u0111im cipelicama&#8221; gostovala je u emisiji Vekerica i iznijela detalje o projektu. Vi\u0161e na linku: <a href=\"https:\/\/l.facebook.com\/l.php?u=https%3A%2F%2Ffb.watch%2FcaXNoVNe05%2F%3Ffbclid%3DIwAR3a--E6Ywm2TpuvqIs1BWh2ZBYRUZkd4PTOr07NS7A-LIq8SH1ZMquQwPE&amp;h=AT32_7bcWCtLeBD5VknCchcE0h2P7OZiynllGDJr9pCcI4J8aQsq86PANmzXnHG0-Sp57dH_vkbIwY91tZPzAsY-KWeoRl-C_U-oSHmnuaTZMFex4B7gxYFJMu5YcL5uGXBWTAE&amp;__tn__=-UK-R&amp;c[0]=AT3UNG2ZeMo9U_Mdl_RU7hCaxaxgSqisV5-vokN3xQf8DhPK7e8H0HHOpvmCKq7iurKxsbAuizf7kNUXBkQXjmN__W1cFxxLS4pyUj4cka_UHtNbK6eJSpRNc-GfFPk8GQbI2itY-LPR61h4XKRhOtUoHhysw53Z09QP381Di9h0uQHaAxi0hn2MDr1yc55UMG2hTqyLkgEo8uerWG_H7kcceIiGMNA8fJ_IzsFJYzEYw-L9-BZIt5g\">Klikni za video<\/a><\/p>\n\n\n\n<figure class=\"wp-block-gallery has-nested-images columns-default is-cropped wp-block-gallery-1 is-layout-flex wp-block-gallery-is-layout-flex\">\n<figure class=\"wp-block-image size-large\"><img fetchpriority=\"high\" decoding=\"async\" width=\"1024\" height=\"760\" data-id=\"3084\" src=\"https:\/\/www.uztebesam.hr\/wp-content\/uploads\/2022\/03\/cipele-final-1024x760.png\" alt=\"\" class=\"wp-image-3084\" srcset=\"https:\/\/www.uztebesam.hr\/wp-content\/uploads\/2022\/03\/cipele-final-1024x760.png 1024w, https:\/\/www.uztebesam.hr\/wp-content\/uploads\/2022\/03\/cipele-final-300x223.png 300w, https:\/\/www.uztebesam.hr\/wp-content\/uploads\/2022\/03\/cipele-final-768x570.png 768w, https:\/\/www.uztebesam.hr\/wp-content\/uploads\/2022\/03\/cipele-final-1536x1141.png 1536w, https:\/\/www.uztebesam.hr\/wp-content\/uploads\/2022\/03\/cipele-final-2048x1521.png 2048w, https:\/\/www.uztebesam.hr\/wp-content\/uploads\/2022\/03\/cipele-final-920x683.png 920w, https:\/\/www.uztebesam.hr\/wp-content\/uploads\/2022\/03\/cipele-final-230x171.png 230w, https:\/\/www.uztebesam.hr\/wp-content\/uploads\/2022\/03\/cipele-final-350x260.png 350w, https:\/\/www.uztebesam.hr\/wp-content\/uploads\/2022\/03\/cipele-final-480x356.png 480w\" sizes=\"(max-width: 1024px) 100vw, 1024px\" \/><\/figure>\n<\/figure>\n","protected":false},"excerpt":{"rendered":"<p>Djeca s te\u0161ko\u0107ama u razvoju (djeca s TUR) jedna su od marginaliziranih skupina dru\u0161tva. Zbog svojih te\u0161ko\u0107a nerijetko se susre\u0107u sa vr\u0161nja\u010dkim nasiljem, izrugivanjem, izolacijom iz dru\u0161tva \u0161to emocionalno na [&hellip;]<\/p>\n","protected":false},"author":1,"featured_media":0,"parent":0,"menu_order":0,"comment_status":"closed","ping_status":"closed","template":"","meta":{"footnotes":""},"class_list":["post-3080","page","type-page","status-publish","hentry"],"_links":{"self":[{"href":"https:\/\/www.uztebesam.hr\/index.php\/wp-json\/wp\/v2\/pages\/3080","targetHints":{"allow":["GET"]}}],"collection":[{"href":"https:\/\/www.uztebesam.hr\/index.php\/wp-json\/wp\/v2\/pages"}],"about":[{"href":"https:\/\/www.uztebesam.hr\/index.php\/wp-json\/wp\/v2\/types\/page"}],"author":[{"embeddable":true,"href":"https:\/\/www.uztebesam.hr\/index.php\/wp-json\/wp\/v2\/users\/1"}],"replies":[{"embeddable":true,"href":"https:\/\/www.uztebesam.hr\/index.php\/wp-json\/wp\/v2\/comments?post=3080"}],"version-history":[{"count":7,"href":"https:\/\/www.uztebesam.hr\/index.php\/wp-json\/wp\/v2\/pages\/3080\/revisions"}],"predecessor-version":[{"id":3092,"href":"https:\/\/www.uztebesam.hr\/index.php\/wp-json\/wp\/v2\/pages\/3080\/revisions\/3092"}],"wp:attachment":[{"href":"https:\/\/www.uztebesam.hr\/index.php\/wp-json\/wp\/v2\/media?parent=3080"}],"curies":[{"name":"wp","href":"https:\/\/api.w.org\/{rel}","templated":true}]}}