{"id":2597,"date":"2022-01-03T18:29:13","date_gmt":"2022-01-03T18:29:13","guid":{"rendered":"https:\/\/uztebesam.hr\/new\/?page_id=2597"},"modified":"2022-01-04T17:35:05","modified_gmt":"2022-01-04T17:35:05","slug":"price-nasih-volontera","status":"publish","type":"page","link":"https:\/\/www.uztebesam.hr\/index.php\/price-nasih-volontera\/","title":{"rendered":"Video pri\u010de na\u0161ih volontera"},"content":{"rendered":"\n<p>U nastavku mo\u017ee\u0161 prona\u0107i nekoliko pri\u010da na\u0161ih volontera! Nemamo ih ba\u0161 puno, ali ova stranica mo\u017eda o\u010dekuje ba\u0161 i tvoju pri\u010du! <a href=\"https:\/\/uztebesam.hr\/new\/index.php\/volontiraj-i-ti\/\" data-type=\"URL\" data-id=\"https:\/\/uztebesam.hr\/new\/index.php\/volontiraj-i-ti\/\">Pridru\u017ei nam se kao volonter.<\/a><\/p>\n\n\n\n<div class=\"wp-block-columns is-layout-flex wp-container-core-columns-is-layout-28f84493 wp-block-columns-is-layout-flex\">\n<div class=\"wp-block-column is-layout-flow wp-block-column-is-layout-flow\" style=\"flex-basis:100%\">\n<div class=\"wp-block-group is-layout-flow wp-block-group-is-layout-flow\">\n<div class=\"wp-block-columns is-layout-flex wp-container-core-columns-is-layout-28f84493 wp-block-columns-is-layout-flex\">\n<div class=\"wp-block-column is-layout-flow wp-block-column-is-layout-flow\" style=\"flex-basis:100%\">\n<div class=\"wp-block-columns is-layout-flex wp-container-core-columns-is-layout-28f84493 wp-block-columns-is-layout-flex\">\n<div class=\"wp-block-column is-layout-flow wp-block-column-is-layout-flow\">\n<iframe title=\"Intervju-Korina Ban\" width=\"1170\" height=\"658\" src=\"https:\/\/www.youtube.com\/embed\/rmc1y-qBJFo?feature=oembed\" frameborder=\"0\" allow=\"accelerometer; autoplay; clipboard-write; encrypted-media; gyroscope; picture-in-picture\" allowfullscreen><\/iframe>\n<\/div>\n\n\n\n<div class=\"wp-block-column is-layout-flow wp-block-column-is-layout-flow\">\n<iframe title=\"Intervju-Anamarija Rade\" width=\"1170\" height=\"658\" src=\"https:\/\/www.youtube.com\/embed\/kfC3q0fndI8?feature=oembed\" frameborder=\"0\" allow=\"accelerometer; autoplay; clipboard-write; encrypted-media; gyroscope; picture-in-picture\" allowfullscreen><\/iframe>\n<\/div>\n<\/div>\n<\/div>\n<\/div>\n<\/div>\n<\/div>\n<\/div>\n","protected":false},"excerpt":{"rendered":"<p>U nastavku mo\u017ee\u0161 prona\u0107i nekoliko pri\u010da na\u0161ih volontera! Nemamo ih ba\u0161 puno, ali ova stranica mo\u017eda o\u010dekuje ba\u0161 i tvoju pri\u010du! Pridru\u017ei nam se kao volonter.<\/p>\n","protected":false},"author":1,"featured_media":0,"parent":0,"menu_order":0,"comment_status":"closed","ping_status":"closed","template":"","meta":{"footnotes":""},"class_list":["post-2597","page","type-page","status-publish","hentry"],"_links":{"self":[{"href":"https:\/\/www.uztebesam.hr\/index.php\/wp-json\/wp\/v2\/pages\/2597","targetHints":{"allow":["GET"]}}],"collection":[{"href":"https:\/\/www.uztebesam.hr\/index.php\/wp-json\/wp\/v2\/pages"}],"about":[{"href":"https:\/\/www.uztebesam.hr\/index.php\/wp-json\/wp\/v2\/types\/page"}],"author":[{"embeddable":true,"href":"https:\/\/www.uztebesam.hr\/index.php\/wp-json\/wp\/v2\/users\/1"}],"replies":[{"embeddable":true,"href":"https:\/\/www.uztebesam.hr\/index.php\/wp-json\/wp\/v2\/comments?post=2597"}],"version-history":[{"count":6,"href":"https:\/\/www.uztebesam.hr\/index.php\/wp-json\/wp\/v2\/pages\/2597\/revisions"}],"predecessor-version":[{"id":2754,"href":"https:\/\/www.uztebesam.hr\/index.php\/wp-json\/wp\/v2\/pages\/2597\/revisions\/2754"}],"wp:attachment":[{"href":"https:\/\/www.uztebesam.hr\/index.php\/wp-json\/wp\/v2\/media?parent=2597"}],"curies":[{"name":"wp","href":"https:\/\/api.w.org\/{rel}","templated":true}]}}