{"id":2586,"date":"2022-01-03T18:01:54","date_gmt":"2022-01-03T18:01:54","guid":{"rendered":"https:\/\/uztebesam.hr\/new\/?page_id=2586"},"modified":"2022-02-09T14:20:40","modified_gmt":"2022-02-09T13:20:40","slug":"institucionalna-podrska-nacionalne-zaklade","status":"publish","type":"page","link":"https:\/\/www.uztebesam.hr\/index.php\/institucionalna-podrska-nacionalne-zaklade\/","title":{"rendered":"Institucionalna podr\u0161ka Nacionalne zaklade"},"content":{"rendered":"\n<p>Od 2020. godine na\u0161u udrugu financijski podr\u017eava Nacionalna zaklada. U sklopu projekta zaposlene su tri osobe u vidu organizacijskog ja\u010danja udruge \u0161to za udrugu zna\u010di napredak u programskim sadr\u017eajima, projektima i ostalim aktivnostima koje imaju za cilj unapre\u0111enje kvalitete \u017eivota osoba s invaliditetom i djece s te\u0161ko\u0107ama u razvoju.<\/p>\n\n\n\n<div class=\"wp-block-image\"><figure class=\"aligncenter size-full is-resized\"><img fetchpriority=\"high\" decoding=\"async\" src=\"https:\/\/uztebesam.hr\/wp-content\/uploads\/2021\/12\/nac_zaklada.png\" alt=\"\" class=\"wp-image-153\" width=\"313\" height=\"313\" srcset=\"https:\/\/www.uztebesam.hr\/wp-content\/uploads\/2021\/12\/nac_zaklada.png 300w, https:\/\/www.uztebesam.hr\/wp-content\/uploads\/2021\/12\/nac_zaklada-150x150.png 150w, https:\/\/www.uztebesam.hr\/wp-content\/uploads\/2021\/12\/nac_zaklada-230x230.png 230w\" sizes=\"(max-width: 313px) 100vw, 313px\" \/><\/figure><\/div>\n\n\n\n<p><em>\u201cNacionalna zaklada pru\u017ea stru\u010dnu i financijsku podr\u0161ku programima koji poti\u010du odr\u017eivost neprofitnog sektora, me\u0111usektorsku suradnju <\/em><em>&nbsp;gra\u0111anske inicijative, filantropiju, volonterstvo te unaprje\u0111uju demokratske institucije dru\u0161tva.\u201d<\/em><\/p>\n\n\n\n<p>&nbsp;&nbsp;&nbsp;&nbsp;&nbsp;&nbsp;&nbsp;&nbsp;&nbsp;&nbsp;&nbsp;&nbsp;&nbsp;&nbsp;&nbsp;&nbsp;&nbsp;&nbsp;&nbsp;&nbsp;&nbsp;&nbsp;&nbsp;&nbsp;&nbsp;&nbsp;&nbsp;&nbsp;&nbsp;&nbsp;&nbsp;&nbsp;&nbsp;&nbsp;&nbsp;&nbsp;&nbsp;&nbsp;&nbsp;&nbsp;&nbsp;&nbsp;&nbsp;&nbsp;&nbsp;&nbsp;&nbsp;&nbsp;&nbsp;&nbsp;&nbsp;&nbsp;&nbsp;&nbsp;&nbsp;&nbsp;&nbsp;&nbsp;&nbsp;&nbsp;&nbsp;&nbsp;&nbsp;&nbsp;&nbsp;&nbsp;&nbsp;&nbsp;&nbsp;&nbsp;&nbsp;&nbsp;&nbsp;&nbsp;&nbsp;&nbsp;&nbsp;&nbsp;&nbsp;&nbsp;<em>Nacionalna zaklada za razvoj civilnog dru\u0161tva<\/em><\/p>\n","protected":false},"excerpt":{"rendered":"<p>Od 2020. godine na\u0161u udrugu financijski podr\u017eava Nacionalna zaklada. U sklopu projekta zaposlene su tri osobe u vidu organizacijskog ja\u010danja udruge \u0161to za udrugu zna\u010di napredak u programskim sadr\u017eajima, projektima [&hellip;]<\/p>\n","protected":false},"author":1,"featured_media":0,"parent":0,"menu_order":0,"comment_status":"closed","ping_status":"closed","template":"","meta":{"footnotes":""},"class_list":["post-2586","page","type-page","status-publish","hentry"],"_links":{"self":[{"href":"https:\/\/www.uztebesam.hr\/index.php\/wp-json\/wp\/v2\/pages\/2586","targetHints":{"allow":["GET"]}}],"collection":[{"href":"https:\/\/www.uztebesam.hr\/index.php\/wp-json\/wp\/v2\/pages"}],"about":[{"href":"https:\/\/www.uztebesam.hr\/index.php\/wp-json\/wp\/v2\/types\/page"}],"author":[{"embeddable":true,"href":"https:\/\/www.uztebesam.hr\/index.php\/wp-json\/wp\/v2\/users\/1"}],"replies":[{"embeddable":true,"href":"https:\/\/www.uztebesam.hr\/index.php\/wp-json\/wp\/v2\/comments?post=2586"}],"version-history":[{"count":2,"href":"https:\/\/www.uztebesam.hr\/index.php\/wp-json\/wp\/v2\/pages\/2586\/revisions"}],"predecessor-version":[{"id":3024,"href":"https:\/\/www.uztebesam.hr\/index.php\/wp-json\/wp\/v2\/pages\/2586\/revisions\/3024"}],"wp:attachment":[{"href":"https:\/\/www.uztebesam.hr\/index.php\/wp-json\/wp\/v2\/media?parent=2586"}],"curies":[{"name":"wp","href":"https:\/\/api.w.org\/{rel}","templated":true}]}}