{"id":2578,"date":"2022-01-03T17:48:14","date_gmt":"2022-01-03T17:48:14","guid":{"rendered":"https:\/\/uztebesam.hr\/new\/?page_id=2578"},"modified":"2022-01-04T17:41:40","modified_gmt":"2022-01-04T17:41:40","slug":"postani-clan","status":"publish","type":"page","link":"https:\/\/www.uztebesam.hr\/index.php\/postani-clan\/","title":{"rendered":"Postani \u010dlan"},"content":{"rendered":"\n<div class=\"wp-block-media-text alignfull is-stacked-on-mobile is-vertically-aligned-center\"><figure class=\"wp-block-media-text__media\"><img fetchpriority=\"high\" decoding=\"async\" width=\"640\" height=\"426\" src=\"https:\/\/uztebesam.hr\/new\/wp-content\/uploads\/2022\/01\/members.jpg\" alt=\"\" class=\"wp-image-2758 size-full\" srcset=\"https:\/\/www.uztebesam.hr\/wp-content\/uploads\/2022\/01\/members.jpg 640w, https:\/\/www.uztebesam.hr\/wp-content\/uploads\/2022\/01\/members-300x200.jpg 300w, https:\/\/www.uztebesam.hr\/wp-content\/uploads\/2022\/01\/members-230x153.jpg 230w, https:\/\/www.uztebesam.hr\/wp-content\/uploads\/2022\/01\/members-350x233.jpg 350w, https:\/\/www.uztebesam.hr\/wp-content\/uploads\/2022\/01\/members-480x320.jpg 480w\" sizes=\"(max-width: 640px) 100vw, 640px\" \/><\/figure><div class=\"wp-block-media-text__content\">\n<p>\u010clanstvo u Udruzi je dragovoljno, a \u010dlanom mo\u017ee postati svaka fizi\u010dka i pravna osoba, sukladno zakonu i statutu, bez obzira na zdravstveno ili drugo stanje. Pravna osoba svoje \u010dlanstvo u udruzi ostvaruje putem ovla\u0161tenog predstavnika. <\/p>\n\n\n\n<p>\u010clanom udruge mogu postati i osobe mla\u0111e od 14 godina za koje pisanu izjavu o u\u010dlanjivanju u udrugu daje zakonski zastupnik ili skrbnik, dok za osobe s navr\u0161enih 14 godina zakonski zastupnik ili skrbnik daje pisanu suglasnost.<\/p>\n\n\n\n<p><\/p>\n\n\n\n<p><\/p>\n<\/div><\/div>\n\n\n\n<p>\u010clanom Udruge se postaje upisom u popis \u010dlanova koji vodi tajnik udruge. Prilikom u\u010dlanjenja u Udrugu potrebno je popuniti pristupnicu i privolu koje mo\u017eete skinuti s ove web stranice ili zatra\u017eiti u fizi\u010dkom obliku u Udruzi.<\/p>\n\n\n\n<p>Popis \u010dlanova vodi se elektroni\u010dki ili na drugi prikladan na\u010din i obvezno sadr\u017ei podatke o osobnom imenu (nazivu), OIB-u, datumu ro\u0111enja, datumu pristupanja udruzi, kategoriji \u010dlanstva (ako su propisane statutom), datumu prestanka \u010dlanstva u udruzi, te druge podatke. Popis \u010dlanova uvijek je dostupan na uvid svim \u010dlanovima i nadle\u017enim tijelima na njihov zahtjev. Visinu \u010dlanarina odre\u0111uje Upravni odbor za svaku teku\u0107u godinu.<\/p>\n\n\n\n<div data-wp-interactive=\"core\/file\" class=\"wp-block-file\"><object data-wp-bind--hidden=\"!state.hasPdfPreview\" hidden class=\"wp-block-file__embed\" data=\"https:\/\/uztebesam.hr\/new\/wp-content\/uploads\/2022\/01\/Pristupnica-za-clanstvo.pdf\" type=\"application\/pdf\" style=\"width:100%;height:600px\" aria-label=\"Ugra\u0111eno Ugra\u0111eno Pristupnica-za-clanstvo..\"><\/object><a href=\"https:\/\/uztebesam.hr\/new\/wp-content\/uploads\/2022\/01\/Pristupnica-za-clanstvo.pdf\">Pristupnica-za-clanstvo<\/a><a href=\"https:\/\/uztebesam.hr\/new\/wp-content\/uploads\/2022\/01\/Pristupnica-za-clanstvo.pdf\" class=\"wp-block-file__button\" download>Preuzmi<\/a><\/div>\n\n\n\n<div data-wp-interactive=\"core\/file\" class=\"wp-block-file\"><object data-wp-bind--hidden=\"!state.hasPdfPreview\" hidden class=\"wp-block-file__embed\" data=\"https:\/\/uztebesam.hr\/new\/wp-content\/uploads\/2022\/01\/Privola-za-clanstvo.pdf\" type=\"application\/pdf\" style=\"width:100%;height:600px\" aria-label=\"Ugra\u0111eno Ugra\u0111eno Privola-za-clanstvo..\"><\/object><a href=\"https:\/\/uztebesam.hr\/new\/wp-content\/uploads\/2022\/01\/Privola-za-clanstvo.pdf\">Privola-za-clanstvo<\/a><a href=\"https:\/\/uztebesam.hr\/new\/wp-content\/uploads\/2022\/01\/Privola-za-clanstvo.pdf\" class=\"wp-block-file__button\" download>Preuzmi<\/a><\/div>\n","protected":false},"excerpt":{"rendered":"<p>\u010clanstvo u Udruzi je dragovoljno, a \u010dlanom mo\u017ee postati svaka fizi\u010dka i pravna osoba, sukladno zakonu i statutu, bez obzira na zdravstveno ili drugo stanje. Pravna osoba svoje \u010dlanstvo u [&hellip;]<\/p>\n","protected":false},"author":1,"featured_media":0,"parent":0,"menu_order":0,"comment_status":"closed","ping_status":"closed","template":"","meta":{"footnotes":""},"class_list":["post-2578","page","type-page","status-publish","hentry"],"_links":{"self":[{"href":"https:\/\/www.uztebesam.hr\/index.php\/wp-json\/wp\/v2\/pages\/2578","targetHints":{"allow":["GET"]}}],"collection":[{"href":"https:\/\/www.uztebesam.hr\/index.php\/wp-json\/wp\/v2\/pages"}],"about":[{"href":"https:\/\/www.uztebesam.hr\/index.php\/wp-json\/wp\/v2\/types\/page"}],"author":[{"embeddable":true,"href":"https:\/\/www.uztebesam.hr\/index.php\/wp-json\/wp\/v2\/users\/1"}],"replies":[{"embeddable":true,"href":"https:\/\/www.uztebesam.hr\/index.php\/wp-json\/wp\/v2\/comments?post=2578"}],"version-history":[{"count":4,"href":"https:\/\/www.uztebesam.hr\/index.php\/wp-json\/wp\/v2\/pages\/2578\/revisions"}],"predecessor-version":[{"id":2762,"href":"https:\/\/www.uztebesam.hr\/index.php\/wp-json\/wp\/v2\/pages\/2578\/revisions\/2762"}],"wp:attachment":[{"href":"https:\/\/www.uztebesam.hr\/index.php\/wp-json\/wp\/v2\/media?parent=2578"}],"curies":[{"name":"wp","href":"https:\/\/api.w.org\/{rel}","templated":true}]}}