{"id":22,"date":"2021-12-29T14:04:27","date_gmt":"2021-12-29T14:04:27","guid":{"rendered":"https:\/\/uztebesam.hr\/new\/?page_id=22"},"modified":"2022-09-06T15:01:05","modified_gmt":"2022-09-06T13:01:05","slug":"uspjesno-roditeljstvo-sretno-dijete","status":"publish","type":"page","link":"https:\/\/www.uztebesam.hr\/index.php\/uspjesno-roditeljstvo-sretno-dijete\/","title":{"rendered":"Uspje\u0161no roditeljstvo &#8211; sretno dijete"},"content":{"rendered":"\n<p>Udruga savjetovali\u0161ta \u201eUz tebe sam\u201c u rujnu zapo\u010dinje s provedbom projekta \u201eUspje\u0161no roditeljstvo \u2013 sretno dijete\u201c koji \u0107e trajati 12 mjeseci, a fokusiran je na roditelje djece s te\u0161ko\u0107ama u razvoju.<\/p>\n\n\n\n<p>Za provedbu projekta Udruga je ostvarila potporu Sredi\u0161njeg dr\u017eavnog ureda za demografiju i mlade u iznosu od 80.000,00 kuna.<\/p>\n\n\n\n<p>Izravni korisnici projekta <strong>roditelji djece s te\u0161ko\u0107ama u razvoju<\/strong>.<\/p>\n\n\n\n<p>Neizravni korisnici su&nbsp;<strong>djeca s te\u0161ko\u0107ama u razvoju<\/strong>&nbsp;\u010diji su roditelji uklju\u010deni u projekt, njihova \u0161ira obitelj, u\u010ditelji, stru\u010dni suradnici i volonteri koji \u0107e biti uklju\u010deni u provedbu projekta.<\/p>\n\n\n\n<p>Projekt objedinjuje aktivnosti koje su nu\u017ene roditeljima djece s te\u0161ko\u0107ama u razvoju kako bi se lak\u0161e nosili sa izazovima pandemije virusa COVID-19.<\/p>\n\n\n\n<p><strong>CILJ<\/strong><\/p>\n\n\n\n<p>Educirati roditelje kroz program podr\u0161ke poticajnom roditeljstvu, tzv. \u0160kolu za roditelje. \u0160kolom \u0107e se omogu\u0107iti protok znanja, informacija i vje\u0161tina koje su nu\u017ene za ispunjavanje njihovih roditeljskih obveza te bolje razumijevanje reakcija djece uzrokovanih ne\u017eeljenim utjecajem pandemije. Roditeljima \u0107e se pru\u017eiti psihosocijalna pomo\u0107 u doba pandemije i kroz telefonsku psiholo\u0161ku pomo\u0107 i podr\u0161ku. Kroz relaksaciju smijehom u Klubu smijeha, roditelji \u0107e otklanjati stres i ostale negativne emocije. Projekt \u0107e se prezentirati javnosti putem medija i tako \u0107e se ja\u010dati &nbsp;mentalno zdravlje zajednice i osvje\u0161tavati javnost o potrebama roditelja djece s te\u0161ko\u0107ama u razvoju.<\/p>\n\n\n\n<p><strong>AKTIVNOSTI I IZVODITELJI RADIONICA<\/strong><\/p>\n\n\n\n<p>\u0160kola za roditelje obuhva\u0107a 11 aktivnosti koje \u0107e se izvoditi kroz predavanja, radionice i diskusije. Aspekti koji su pokriveni \u0161kolom su: socijalizacija i dru\u0161tvena, strahovi, smijeh, ljubav i privr\u017eenost, ljutnja, samopoimanje i depresija, zdravlje i optimizam, emocionalni procesi u pubertetu. Izvoditeljice \u0160kole za roditelje su osobe s vi\u0161egodi\u0161njim iskustvom u radu s roditeljima djece s te\u0161ko\u0107ama u razvoju &nbsp;Marina Kere\u0161a, specijalist klini\u010dke psihologije, klini\u010dki psiholog u Op\u0107oj bolnici Vara\u017edin s tridesetogodi\u0161njim iskustvom rada na podru\u010dju psihologije s djecom s te\u0161ko\u0107ama u razvoju, a koja ujedno vodi Klub smijeha, te Jelena Dolenec, magistra edukacije rehabilitacije iz Centra za odgoj, obrazovanje i rehabilitaciju \u201cPodravsko sunce\u201d.<\/p>\n\n\n\n<p>Telefonska psiholo\u0161ka pomo\u0107 i podr\u0161ka ima za cilj kontinuirano osna\u017eivati roditelje djece sa specifi\u010dnim potrebama jer roditelj djeteta s te\u0161ko\u0107ama u razvoju u svom roditeljstvu ima mno\u0161tvo \u201edodataka\u201c \u2013 pro\u017eivljava vi\u0161e strepnje i stresa, vi\u0161e izazova te treba vi\u0161e informacija, vi\u0161e razumijevanja, vi\u0161e stru\u010dnog rada, vi\u0161e brige dru\u0161tva kako bi lak\u0161e prebrodili razdoblje u kojem su se na\u0161li. Telefonsko savjetovanje izvodit \u0107e Snje\u017eana Bila\u0107, specijalist klini\u010dke psihologije s dugogodi\u0161njim iskustvom u radu s djecom s te\u0161ko\u0107ama u razvoju i njihovim roditeljima te Lidija Sajfert, profesorica psihologije iz Specijalne bolnice za djecu s neurorazvojnim i motori\u010dkim smetnjama \u201cGoljak\u201d.<\/p>\n\n\n\n<p><strong>PARTNERI I SURADNICI<\/strong><\/p>\n\n\n\n<p>Projekt se provodi u partnerstvu s Centrom za psiholo\u0161ku edukaciju i pomo\u0107 \u2013 Forma Viva iz Zagreba dok \u0107e suradnici na projektu biti Radio Novi Marof, Centar za socijalnu skrb Vara\u017edin te Vara\u017edinska \u017eupanija.<\/p>\n\n\n\n<p class=\"has-text-align-left\">Peta radionica i predavanje \u0107e se odr\u017eati u srijedu 16.02.2022. od 18:00. Prijave za radionice se zaprimaju do 14. vela\u010de 2022. Prijaviti se mo\u017ee na: e-mail: <a rel=\"noreferrer noopener\" href=\"mailto:info@uztebesam.hr\" target=\"_blank\">info@uztebesam.hr<\/a>, na broj telefona 0981840173 ili ispunjavanjem online prijavnice koja se nalazi na linku:<br> <a style=\"margin: 0 33%\" href=\"https:\/\/docs.google.com\/forms\/d\/e\/1FAIpQLSdEmvg10qFgjauL3FAjQpON1Ox-kHlPLypSZlrbj2xt_jrkfA\/viewform?usp=sf_link\" target=\"_blank\" rel=\"noreferrer noopener\">Prijava: Ljubav i privr\u017eenost<\/a><\/p>\n\n\n\n<div class=\"wp-block-group is-layout-flow wp-block-group-is-layout-flow\">\n<p class=\"has-text-align-center\"><a href=\"https:\/\/youtu.be\/KJ033mbGO58\">Zavrsna konferencija projekta &#8220;Uspje\u0161no roditeljstvo-sretno dijete&#8221;<\/a><\/p>\n\n\n\n<figure class=\"wp-block-image size-large\"><img fetchpriority=\"high\" decoding=\"async\" width=\"819\" height=\"1024\" src=\"https:\/\/www.uztebesam.hr\/wp-content\/uploads\/2022\/09\/Letak-1800x1350_rezultati-1-819x1024.jpg\" alt=\"\" class=\"wp-image-3182\" srcset=\"https:\/\/www.uztebesam.hr\/wp-content\/uploads\/2022\/09\/Letak-1800x1350_rezultati-1-819x1024.jpg 819w, https:\/\/www.uztebesam.hr\/wp-content\/uploads\/2022\/09\/Letak-1800x1350_rezultati-1-240x300.jpg 240w, https:\/\/www.uztebesam.hr\/wp-content\/uploads\/2022\/09\/Letak-1800x1350_rezultati-1-768x960.jpg 768w, https:\/\/www.uztebesam.hr\/wp-content\/uploads\/2022\/09\/Letak-1800x1350_rezultati-1-1229x1536.jpg 1229w, https:\/\/www.uztebesam.hr\/wp-content\/uploads\/2022\/09\/Letak-1800x1350_rezultati-1-1638x2048.jpg 1638w, https:\/\/www.uztebesam.hr\/wp-content\/uploads\/2022\/09\/Letak-1800x1350_rezultati-1-920x1150.jpg 920w, https:\/\/www.uztebesam.hr\/wp-content\/uploads\/2022\/09\/Letak-1800x1350_rezultati-1-230x288.jpg 230w, https:\/\/www.uztebesam.hr\/wp-content\/uploads\/2022\/09\/Letak-1800x1350_rezultati-1-350x438.jpg 350w, https:\/\/www.uztebesam.hr\/wp-content\/uploads\/2022\/09\/Letak-1800x1350_rezultati-1-480x600.jpg 480w, https:\/\/www.uztebesam.hr\/wp-content\/uploads\/2022\/09\/Letak-1800x1350_rezultati-1-scaled.jpg 2048w\" sizes=\"(max-width: 819px) 100vw, 819px\" \/><\/figure>\n<\/div>\n\n\n\n<figure class=\"wp-block-image\"><img decoding=\"async\" src=\"https:\/\/uztebesam.hr\/wp-content\/uploads\/2021\/09\/DJI_20210825_173814_147-scaled-1.jpg\" alt=\"Uspje\u0161no roditeljstvo-sretno dijete\"\/><\/figure>\n\n\n\n<figure class=\"wp-block-image aligncenter\"><img decoding=\"async\" width=\"819\" height=\"1024\" src=\"https:\/\/uztebesam.hr\/wp-content\/uploads\/2021\/09\/Letak-1800x1350-1-819x1024.png\" alt=\"\" class=\"wp-image-2445\" srcset=\"https:\/\/www.uztebesam.hr\/wp-content\/uploads\/2021\/09\/Letak-1800x1350-1-819x1024.png 819w, https:\/\/www.uztebesam.hr\/wp-content\/uploads\/2021\/09\/Letak-1800x1350-1-240x300.png 240w, https:\/\/www.uztebesam.hr\/wp-content\/uploads\/2021\/09\/Letak-1800x1350-1-768x960.png 768w, https:\/\/www.uztebesam.hr\/wp-content\/uploads\/2021\/09\/Letak-1800x1350-1-1229x1536.png 1229w, https:\/\/www.uztebesam.hr\/wp-content\/uploads\/2021\/09\/Letak-1800x1350-1-1638x2048.png 1638w, https:\/\/www.uztebesam.hr\/wp-content\/uploads\/2021\/09\/Letak-1800x1350-1-920x1150.png 920w, https:\/\/www.uztebesam.hr\/wp-content\/uploads\/2021\/09\/Letak-1800x1350-1-230x288.png 230w, https:\/\/www.uztebesam.hr\/wp-content\/uploads\/2021\/09\/Letak-1800x1350-1-350x438.png 350w, https:\/\/www.uztebesam.hr\/wp-content\/uploads\/2021\/09\/Letak-1800x1350-1-480x600.png 480w\" sizes=\"(max-width: 819px) 100vw, 819px\" \/><\/figure>\n","protected":false},"excerpt":{"rendered":"<p>Udruga savjetovali\u0161ta \u201eUz tebe sam\u201c u rujnu zapo\u010dinje s provedbom projekta \u201eUspje\u0161no roditeljstvo \u2013 sretno dijete\u201c koji \u0107e trajati 12 mjeseci, a fokusiran je na roditelje djece s te\u0161ko\u0107ama u [&hellip;]<\/p>\n","protected":false},"author":1,"featured_media":0,"parent":0,"menu_order":0,"comment_status":"closed","ping_status":"closed","template":"","meta":{"footnotes":""},"class_list":["post-22","page","type-page","status-publish","hentry"],"_links":{"self":[{"href":"https:\/\/www.uztebesam.hr\/index.php\/wp-json\/wp\/v2\/pages\/22","targetHints":{"allow":["GET"]}}],"collection":[{"href":"https:\/\/www.uztebesam.hr\/index.php\/wp-json\/wp\/v2\/pages"}],"about":[{"href":"https:\/\/www.uztebesam.hr\/index.php\/wp-json\/wp\/v2\/types\/page"}],"author":[{"embeddable":true,"href":"https:\/\/www.uztebesam.hr\/index.php\/wp-json\/wp\/v2\/users\/1"}],"replies":[{"embeddable":true,"href":"https:\/\/www.uztebesam.hr\/index.php\/wp-json\/wp\/v2\/comments?post=22"}],"version-history":[{"count":11,"href":"https:\/\/www.uztebesam.hr\/index.php\/wp-json\/wp\/v2\/pages\/22\/revisions"}],"predecessor-version":[{"id":3185,"href":"https:\/\/www.uztebesam.hr\/index.php\/wp-json\/wp\/v2\/pages\/22\/revisions\/3185"}],"wp:attachment":[{"href":"https:\/\/www.uztebesam.hr\/index.php\/wp-json\/wp\/v2\/media?parent=22"}],"curies":[{"name":"wp","href":"https:\/\/api.w.org\/{rel}","templated":true}]}}