{"id":18,"date":"2021-12-29T14:02:55","date_gmt":"2021-12-29T14:02:55","guid":{"rendered":"https:\/\/uztebesam.hr\/new\/?page_id=18"},"modified":"2022-01-10T17:32:04","modified_gmt":"2022-01-10T16:32:04","slug":"tata-mata-ucenje","status":"publish","type":"page","link":"https:\/\/www.uztebesam.hr\/index.php\/tata-mata-ucenje\/","title":{"rendered":"Tata mata u\u010denje"},"content":{"rendered":"\n<p>Pomo\u0107 u u\u010denju je namijenjena u\u010denicima sa specifi\u010dnim te\u0161ko\u0107ama (disleksija, disgrafija, poreme\u0107aj koncentracije i pa\u017enje\u2026)&nbsp; u svladavanju nastavnih sadr\u017eaja.<\/p>\n\n\n\n<p>U\u010denici koji su uklju\u010deni u projekt uz individualiziran pristup, odnosno prilago\u0111eno i modificirano u\u010denje nastavnih sadr\u017eaja usvajaju u\u010dinkovite mehanizme u\u010denja i postaju svjesni svojih sposobnosti te na taj na\u010din izgra\u0111uju pozitivnu sliku o sebi, ja\u010daju samopouzdanje i motivaciju koje doprinose \u0161kolskom uspjehu.<\/p>\n\n\n\n<p><strong><u>Ciljevi:<\/u><\/strong><\/p>\n\n\n\n<ul class=\"wp-block-list\"><li>potpun i harmoni\u010dan razvoj u\u010denika<\/li><li>pripremiti u\u010denike za daljnje obrazovanje i u\u010denje za cijeli \u017eivot<\/li><li>primjena nau\u010denog u svakodnevnom \u017eivotu<\/li><li>olak\u0161avanje prijelaza iz ni\u017eih u vi\u0161e razrede osnovno \u0161kolskog obrazovanja<\/li><li>poticanje u\u010denja kroz igru<\/li><li>poticanje govornih sposobnosti, matemati\u010dke i jezi\u010dne pismenosti<\/li><li>poticanje korektnog pona\u0161anja u zajedni\u010dkom djelovanju<\/li><li>poticanje samostalnosti, odgovornosti, pa\u017eljivosti i discipline u radu kroz razli\u010dite oblike rada.<\/li><\/ul>\n\n\n\n<p><strong><u>Posebni ciljevi projekta su:<\/u><\/strong><\/p>\n\n\n\n<ol class=\"wp-block-list\"><li>pravovremeno uo\u010diti i dijagnosticirati specifi\u010dne te\u0161ko\u0107e u u\u010denju kod u\u010denika, te im pru\u017eiti odgovaraju\u0107u pomo\u0107<\/li><li>pobolj\u0161ati vje\u0161tine \u010ditanja i pisanja kod djece sa specifi\u010dnim te\u0161ko\u0107ama u u\u010denju;<\/li><li>pove\u0107ati razinu znanja roditelja o specifi\u010dnim te\u0161ko\u0107ama u\u010denja putem predavanja i radionica<\/li><\/ol>\n\n\n\n<figure class=\"wp-block-gallery columns-3 is-cropped wp-block-gallery-1 is-layout-flex wp-block-gallery-is-layout-flex\"><ul class=\"blocks-gallery-grid\"><li class=\"blocks-gallery-item\"><figure><img fetchpriority=\"high\" decoding=\"async\" width=\"1024\" height=\"769\" src=\"https:\/\/uztebesam.hr\/new\/wp-content\/uploads\/2022\/01\/viber_image_2022-01-07_19-50-40-516-1024x769.jpg\" alt=\"\" data-id=\"2953\" data-full-url=\"https:\/\/uztebesam.hr\/new\/wp-content\/uploads\/2022\/01\/viber_image_2022-01-07_19-50-40-516.jpg\" data-link=\"https:\/\/uztebesam.hr\/new\/index.php\/tata-mata-ucenje\/viber_image_2022-01-07_19-50-40-516\/\" class=\"wp-image-2953\" srcset=\"https:\/\/www.uztebesam.hr\/wp-content\/uploads\/2022\/01\/viber_image_2022-01-07_19-50-40-516-1024x769.jpg 1024w, https:\/\/www.uztebesam.hr\/wp-content\/uploads\/2022\/01\/viber_image_2022-01-07_19-50-40-516-300x225.jpg 300w, https:\/\/www.uztebesam.hr\/wp-content\/uploads\/2022\/01\/viber_image_2022-01-07_19-50-40-516-768x576.jpg 768w, https:\/\/www.uztebesam.hr\/wp-content\/uploads\/2022\/01\/viber_image_2022-01-07_19-50-40-516-1536x1153.jpg 1536w, https:\/\/www.uztebesam.hr\/wp-content\/uploads\/2022\/01\/viber_image_2022-01-07_19-50-40-516-920x691.jpg 920w, https:\/\/www.uztebesam.hr\/wp-content\/uploads\/2022\/01\/viber_image_2022-01-07_19-50-40-516-230x173.jpg 230w, https:\/\/www.uztebesam.hr\/wp-content\/uploads\/2022\/01\/viber_image_2022-01-07_19-50-40-516-350x263.jpg 350w, https:\/\/www.uztebesam.hr\/wp-content\/uploads\/2022\/01\/viber_image_2022-01-07_19-50-40-516-480x360.jpg 480w, https:\/\/www.uztebesam.hr\/wp-content\/uploads\/2022\/01\/viber_image_2022-01-07_19-50-40-516.jpg 1600w\" sizes=\"(max-width: 1024px) 100vw, 1024px\" \/><\/figure><\/li><li class=\"blocks-gallery-item\"><figure><img decoding=\"async\" width=\"769\" height=\"1024\" src=\"https:\/\/uztebesam.hr\/new\/wp-content\/uploads\/2022\/01\/viber_image_2022-01-07_19-49-57-320-769x1024.jpg\" alt=\"\" data-id=\"2954\" data-full-url=\"https:\/\/uztebesam.hr\/new\/wp-content\/uploads\/2022\/01\/viber_image_2022-01-07_19-49-57-320.jpg\" data-link=\"https:\/\/uztebesam.hr\/new\/index.php\/tata-mata-ucenje\/viber_image_2022-01-07_19-49-57-320\/\" class=\"wp-image-2954\" srcset=\"https:\/\/www.uztebesam.hr\/wp-content\/uploads\/2022\/01\/viber_image_2022-01-07_19-49-57-320-769x1024.jpg 769w, https:\/\/www.uztebesam.hr\/wp-content\/uploads\/2022\/01\/viber_image_2022-01-07_19-49-57-320-225x300.jpg 225w, https:\/\/www.uztebesam.hr\/wp-content\/uploads\/2022\/01\/viber_image_2022-01-07_19-49-57-320-768x1023.jpg 768w, https:\/\/www.uztebesam.hr\/wp-content\/uploads\/2022\/01\/viber_image_2022-01-07_19-49-57-320-1153x1536.jpg 1153w, https:\/\/www.uztebesam.hr\/wp-content\/uploads\/2022\/01\/viber_image_2022-01-07_19-49-57-320-920x1226.jpg 920w, https:\/\/www.uztebesam.hr\/wp-content\/uploads\/2022\/01\/viber_image_2022-01-07_19-49-57-320-230x306.jpg 230w, https:\/\/www.uztebesam.hr\/wp-content\/uploads\/2022\/01\/viber_image_2022-01-07_19-49-57-320-350x466.jpg 350w, https:\/\/www.uztebesam.hr\/wp-content\/uploads\/2022\/01\/viber_image_2022-01-07_19-49-57-320-480x639.jpg 480w, https:\/\/www.uztebesam.hr\/wp-content\/uploads\/2022\/01\/viber_image_2022-01-07_19-49-57-320.jpg 1201w\" sizes=\"(max-width: 769px) 100vw, 769px\" \/><\/figure><\/li><li class=\"blocks-gallery-item\"><figure><img decoding=\"async\" width=\"1024\" height=\"576\" src=\"https:\/\/uztebesam.hr\/new\/wp-content\/uploads\/2022\/01\/viber_image_2022-01-07_19-47-29-139-1024x576.jpg\" alt=\"\" data-id=\"2955\" data-full-url=\"https:\/\/uztebesam.hr\/new\/wp-content\/uploads\/2022\/01\/viber_image_2022-01-07_19-47-29-139.jpg\" data-link=\"https:\/\/uztebesam.hr\/new\/index.php\/tata-mata-ucenje\/viber_image_2022-01-07_19-47-29-139\/\" class=\"wp-image-2955\" srcset=\"https:\/\/www.uztebesam.hr\/wp-content\/uploads\/2022\/01\/viber_image_2022-01-07_19-47-29-139-1024x576.jpg 1024w, https:\/\/www.uztebesam.hr\/wp-content\/uploads\/2022\/01\/viber_image_2022-01-07_19-47-29-139-300x169.jpg 300w, https:\/\/www.uztebesam.hr\/wp-content\/uploads\/2022\/01\/viber_image_2022-01-07_19-47-29-139-768x432.jpg 768w, https:\/\/www.uztebesam.hr\/wp-content\/uploads\/2022\/01\/viber_image_2022-01-07_19-47-29-139-1536x864.jpg 1536w, https:\/\/www.uztebesam.hr\/wp-content\/uploads\/2022\/01\/viber_image_2022-01-07_19-47-29-139-920x518.jpg 920w, https:\/\/www.uztebesam.hr\/wp-content\/uploads\/2022\/01\/viber_image_2022-01-07_19-47-29-139-230x129.jpg 230w, https:\/\/www.uztebesam.hr\/wp-content\/uploads\/2022\/01\/viber_image_2022-01-07_19-47-29-139-350x197.jpg 350w, https:\/\/www.uztebesam.hr\/wp-content\/uploads\/2022\/01\/viber_image_2022-01-07_19-47-29-139-480x270.jpg 480w, https:\/\/www.uztebesam.hr\/wp-content\/uploads\/2022\/01\/viber_image_2022-01-07_19-47-29-139.jpg 1600w\" sizes=\"(max-width: 1024px) 100vw, 1024px\" \/><\/figure><\/li><li class=\"blocks-gallery-item\"><figure><img loading=\"lazy\" decoding=\"async\" width=\"1024\" height=\"576\" src=\"https:\/\/uztebesam.hr\/new\/wp-content\/uploads\/2022\/01\/viber_image_2022-01-07_19-46-22-681-1024x576.jpg\" alt=\"\" data-id=\"2956\" data-full-url=\"https:\/\/uztebesam.hr\/new\/wp-content\/uploads\/2022\/01\/viber_image_2022-01-07_19-46-22-681.jpg\" data-link=\"https:\/\/uztebesam.hr\/new\/index.php\/tata-mata-ucenje\/viber_image_2022-01-07_19-46-22-681\/\" class=\"wp-image-2956\" srcset=\"https:\/\/www.uztebesam.hr\/wp-content\/uploads\/2022\/01\/viber_image_2022-01-07_19-46-22-681-1024x576.jpg 1024w, https:\/\/www.uztebesam.hr\/wp-content\/uploads\/2022\/01\/viber_image_2022-01-07_19-46-22-681-300x169.jpg 300w, https:\/\/www.uztebesam.hr\/wp-content\/uploads\/2022\/01\/viber_image_2022-01-07_19-46-22-681-768x432.jpg 768w, https:\/\/www.uztebesam.hr\/wp-content\/uploads\/2022\/01\/viber_image_2022-01-07_19-46-22-681-1536x864.jpg 1536w, https:\/\/www.uztebesam.hr\/wp-content\/uploads\/2022\/01\/viber_image_2022-01-07_19-46-22-681-920x518.jpg 920w, https:\/\/www.uztebesam.hr\/wp-content\/uploads\/2022\/01\/viber_image_2022-01-07_19-46-22-681-230x129.jpg 230w, https:\/\/www.uztebesam.hr\/wp-content\/uploads\/2022\/01\/viber_image_2022-01-07_19-46-22-681-350x197.jpg 350w, https:\/\/www.uztebesam.hr\/wp-content\/uploads\/2022\/01\/viber_image_2022-01-07_19-46-22-681-480x270.jpg 480w, https:\/\/www.uztebesam.hr\/wp-content\/uploads\/2022\/01\/viber_image_2022-01-07_19-46-22-681.jpg 1600w\" sizes=\"(max-width: 1024px) 100vw, 1024px\" \/><\/figure><\/li><li class=\"blocks-gallery-item\"><figure><img loading=\"lazy\" decoding=\"async\" width=\"1024\" height=\"576\" src=\"https:\/\/uztebesam.hr\/new\/wp-content\/uploads\/2022\/01\/viber_image_2022-01-07_19-45-59-257-1024x576.jpg\" alt=\"\" data-id=\"2957\" data-full-url=\"https:\/\/uztebesam.hr\/new\/wp-content\/uploads\/2022\/01\/viber_image_2022-01-07_19-45-59-257.jpg\" data-link=\"https:\/\/uztebesam.hr\/new\/index.php\/tata-mata-ucenje\/viber_image_2022-01-07_19-45-59-257\/\" class=\"wp-image-2957\" srcset=\"https:\/\/www.uztebesam.hr\/wp-content\/uploads\/2022\/01\/viber_image_2022-01-07_19-45-59-257-1024x576.jpg 1024w, https:\/\/www.uztebesam.hr\/wp-content\/uploads\/2022\/01\/viber_image_2022-01-07_19-45-59-257-300x169.jpg 300w, https:\/\/www.uztebesam.hr\/wp-content\/uploads\/2022\/01\/viber_image_2022-01-07_19-45-59-257-768x432.jpg 768w, https:\/\/www.uztebesam.hr\/wp-content\/uploads\/2022\/01\/viber_image_2022-01-07_19-45-59-257-1536x864.jpg 1536w, https:\/\/www.uztebesam.hr\/wp-content\/uploads\/2022\/01\/viber_image_2022-01-07_19-45-59-257-920x518.jpg 920w, https:\/\/www.uztebesam.hr\/wp-content\/uploads\/2022\/01\/viber_image_2022-01-07_19-45-59-257-230x129.jpg 230w, https:\/\/www.uztebesam.hr\/wp-content\/uploads\/2022\/01\/viber_image_2022-01-07_19-45-59-257-350x197.jpg 350w, https:\/\/www.uztebesam.hr\/wp-content\/uploads\/2022\/01\/viber_image_2022-01-07_19-45-59-257-480x270.jpg 480w, https:\/\/www.uztebesam.hr\/wp-content\/uploads\/2022\/01\/viber_image_2022-01-07_19-45-59-257.jpg 1600w\" sizes=\"(max-width: 1024px) 100vw, 1024px\" \/><\/figure><\/li><\/ul><\/figure>\n\n\n\n<figure class=\"wp-block-image size-full\"><img loading=\"lazy\" decoding=\"async\" width=\"724\" height=\"1024\" src=\"https:\/\/uztebesam.hr\/new\/wp-content\/uploads\/2021\/08\/tmu.jpg\" alt=\"\" class=\"wp-image-148\" srcset=\"https:\/\/www.uztebesam.hr\/wp-content\/uploads\/2021\/08\/tmu.jpg 724w, https:\/\/www.uztebesam.hr\/wp-content\/uploads\/2021\/08\/tmu-212x300.jpg 212w, https:\/\/www.uztebesam.hr\/wp-content\/uploads\/2021\/08\/tmu-230x325.jpg 230w, https:\/\/www.uztebesam.hr\/wp-content\/uploads\/2021\/08\/tmu-350x495.jpg 350w, https:\/\/www.uztebesam.hr\/wp-content\/uploads\/2021\/08\/tmu-480x679.jpg 480w\" sizes=\"(max-width: 724px) 100vw, 724px\" \/><\/figure>\n","protected":false},"excerpt":{"rendered":"<p>Pomo\u0107 u u\u010denju je namijenjena u\u010denicima sa specifi\u010dnim te\u0161ko\u0107ama (disleksija, disgrafija, poreme\u0107aj koncentracije i pa\u017enje\u2026)&nbsp; u svladavanju nastavnih sadr\u017eaja. U\u010denici koji su uklju\u010deni u projekt uz individualiziran pristup, odnosno prilago\u0111eno [&hellip;]<\/p>\n","protected":false},"author":1,"featured_media":0,"parent":0,"menu_order":0,"comment_status":"closed","ping_status":"closed","template":"","meta":{"footnotes":""},"class_list":["post-18","page","type-page","status-publish","hentry"],"_links":{"self":[{"href":"https:\/\/www.uztebesam.hr\/index.php\/wp-json\/wp\/v2\/pages\/18","targetHints":{"allow":["GET"]}}],"collection":[{"href":"https:\/\/www.uztebesam.hr\/index.php\/wp-json\/wp\/v2\/pages"}],"about":[{"href":"https:\/\/www.uztebesam.hr\/index.php\/wp-json\/wp\/v2\/types\/page"}],"author":[{"embeddable":true,"href":"https:\/\/www.uztebesam.hr\/index.php\/wp-json\/wp\/v2\/users\/1"}],"replies":[{"embeddable":true,"href":"https:\/\/www.uztebesam.hr\/index.php\/wp-json\/wp\/v2\/comments?post=18"}],"version-history":[{"count":3,"href":"https:\/\/www.uztebesam.hr\/index.php\/wp-json\/wp\/v2\/pages\/18\/revisions"}],"predecessor-version":[{"id":2958,"href":"https:\/\/www.uztebesam.hr\/index.php\/wp-json\/wp\/v2\/pages\/18\/revisions\/2958"}],"wp:attachment":[{"href":"https:\/\/www.uztebesam.hr\/index.php\/wp-json\/wp\/v2\/media?parent=18"}],"curies":[{"name":"wp","href":"https:\/\/api.w.org\/{rel}","templated":true}]}}