{"id":12,"date":"2021-12-29T13:59:30","date_gmt":"2021-12-29T13:59:30","guid":{"rendered":"https:\/\/uztebesam.hr\/new\/?page_id=12"},"modified":"2023-07-06T15:52:11","modified_gmt":"2023-07-06T13:52:11","slug":"projekti","status":"publish","type":"page","link":"https:\/\/www.uztebesam.hr\/index.php\/projekti\/","title":{"rendered":"Projekti"},"content":{"rendered":"\n<p>U nastavku se nalazi popis projekata koji se provode ili su se provodili u Udruzi savjetovali\u0161ta &#8220;Uz tebe sam&#8221;. Detalje o nekim od projekata mo\u017eete na\u0107i klikom na odgovaraju\u0107u poveznicu u glavnom izborniku vezanom uz projekte.<\/p>\n\n\n\n<figure class=\"wp-block-table\"><table><tbody><tr><td>\u201eU tu\u0111im cipelicama\u201c \u2013 Zaklada za prevenciju kriminaliteta Sveti Mihael<\/td><td>1.990,00 eura (1. 6. 2023. &#8211; 1. 4. 2024.)<\/td><\/tr><tr><td>\u201eSubotnja \u010dajanka\u201c \u2013 Vara\u017edinska \u017eupanija<\/td><td>240,00 eura (1. 6. 2023. \u2013 31. 12. 2023.)<\/td><\/tr><tr><td>\u201eUz tebe sam\u201c\u00a0Ministarstvo rada, mirovinskoga sustava, obitelji i socijalne politike<\/td><td>42.420,00 eura (1. 1. 2023 .- 31. 12. 2023.)<\/td><\/tr><tr><td>Javni radovi 2022. \u2013 Hrvatski zavod za zapo\u0161ljavanje<\/td><td>29.247,38 kuna (8. 8. 2022. \u2013 7. 2. 2023.)<\/td><\/tr><tr><td>\u201eDan za nas!\u201c Colas d.d. Hrvatska<\/td><td>7.000,00 kuna (1.7.2022. \u2013 31. 12. 2022.)<\/td><\/tr><tr><td>\u201eUspje\u0161no roditeljstvo \u2013 sretno dijete\u201c \u2013 Sredi\u0161nji dr\u017eavni ured za demografiju i mlade <\/td><td>80.000,00 kn (1. 9. 2021.-31. 8. 2022.)<\/td><\/tr><tr><td>\u201eInstitucionalna podr\u0161ka Nacionalne zaklade\u201c \u2013 Nacionalna zaklada za razvoj Civilnoga dru\u0161tva<\/td><td>212.950,00 (1.1.2022.-31.12.2022.)<\/td><\/tr><tr><td>\u201eUz tebe sam\u201c \u2013 Sredi\u0161nji dr\u017eavni ured za demografiju i mlade<\/td><td>340.000,00 (1. 1. 2022.-31. 12. 2022.)&nbsp;<\/td><\/tr><tr><td>\u201cTata-mata u\u010denje\u201d Vara\u017edinska \u017eupanija<\/td><td>5.000,00 (1.1.2021.-31.12.2021.)<\/td><\/tr><tr><td>\u201cVjetar u le\u0111a\u201d Grad Vara\u017edin<\/td><td>35.000,00 (1.6.2021.-31.12.2021.)<\/td><\/tr><tr><td>\u201cTata &#8211; uz tebe sam\u201d Hrvatski zavod za zapo\u0161ljavanje<\/td><td>109.908,90 (15.10.2020.-14.4.2021.)<\/td><\/tr><tr><td>\u201cInformati\u010dka podr\u0161ka\u201d Hrvatska banka za obnovu i razvoj<\/td><td>5.000,00 (1.9.2020.-31.12.2020.)<\/td><\/tr><tr><td>\u201cVjetar u le\u0111a\u201d Grad Vara\u017edin&nbsp;<\/td><td>35.000,00 (1.6.2020.-31.12.2020.)<\/td><\/tr><tr><td>\u201cTata-mata u\u010denje\u201d Vara\u017edinska \u017eupanija<\/td><td>5.000,00 (1.1.2020.-31.12.2020.)<\/td><\/tr><tr><td>\u201cInstitucionalna podr\u0161ka Nacionalne zaklade\u201dNacionalna zaklada za razvoj Civilnoga dru\u0161tva<\/td><td>212.950,00 (1.1.2021.-31.12.2021.)<\/td><\/tr><tr><td>\u201cInstitucionalna podr\u0161ka Nacionalne zaklade\u201dNacionalna zaklada za razvoj Civilnoga dru\u0161tva<\/td><td>212.950,00 (1.1.2020.-31.12.2020.)<\/td><\/tr><\/tbody><\/table><figcaption class=\"wp-element-caption\">Popis projekata<\/figcaption><\/figure>\n","protected":false},"excerpt":{"rendered":"<p>U nastavku se nalazi popis projekata koji se provode ili su se provodili u Udruzi savjetovali\u0161ta &#8220;Uz tebe sam&#8221;. Detalje o nekim od projekata mo\u017eete na\u0107i klikom na odgovaraju\u0107u poveznicu [&hellip;]<\/p>\n","protected":false},"author":1,"featured_media":0,"parent":0,"menu_order":0,"comment_status":"closed","ping_status":"closed","template":"","meta":{"footnotes":""},"class_list":["post-12","page","type-page","status-publish","hentry"],"_links":{"self":[{"href":"https:\/\/www.uztebesam.hr\/index.php\/wp-json\/wp\/v2\/pages\/12","targetHints":{"allow":["GET"]}}],"collection":[{"href":"https:\/\/www.uztebesam.hr\/index.php\/wp-json\/wp\/v2\/pages"}],"about":[{"href":"https:\/\/www.uztebesam.hr\/index.php\/wp-json\/wp\/v2\/types\/page"}],"author":[{"embeddable":true,"href":"https:\/\/www.uztebesam.hr\/index.php\/wp-json\/wp\/v2\/users\/1"}],"replies":[{"embeddable":true,"href":"https:\/\/www.uztebesam.hr\/index.php\/wp-json\/wp\/v2\/comments?post=12"}],"version-history":[{"count":4,"href":"https:\/\/www.uztebesam.hr\/index.php\/wp-json\/wp\/v2\/pages\/12\/revisions"}],"predecessor-version":[{"id":3620,"href":"https:\/\/www.uztebesam.hr\/index.php\/wp-json\/wp\/v2\/pages\/12\/revisions\/3620"}],"wp:attachment":[{"href":"https:\/\/www.uztebesam.hr\/index.php\/wp-json\/wp\/v2\/media?parent=12"}],"curies":[{"name":"wp","href":"https:\/\/api.w.org\/{rel}","templated":true}]}}